{"id":36,"date":"2021-04-18T16:32:44","date_gmt":"2021-04-18T16:32:44","guid":{"rendered":"http:\/\/fliegahittn.at\/?page_id=36"},"modified":"2025-05-20T12:52:21","modified_gmt":"2025-05-20T12:52:21","slug":"homepage","status":"publish","type":"page","link":"https:\/\/fliegahittn.at\/","title":{"rendered":"Willkommen in der Fliegahittn!"},"content":{"rendered":"\n<figure class=\"wp-block-image size-large is-style-default\"><img loading=\"lazy\" decoding=\"async\" width=\"2560\" height=\"1598\" src=\"https:\/\/fliegahittn.at\/wp-content\/uploads\/2021\/04\/IMG_9329-1-edited-scaled.jpg\" alt=\"\" class=\"wp-image-42\" srcset=\"https:\/\/fliegahittn.at\/wp-content\/uploads\/2021\/04\/IMG_9329-1-edited-scaled.jpg 2560w, https:\/\/fliegahittn.at\/wp-content\/uploads\/2021\/04\/IMG_9329-1-edited-300x187.jpg 300w, https:\/\/fliegahittn.at\/wp-content\/uploads\/2021\/04\/IMG_9329-1-edited-1024x639.jpg 1024w, https:\/\/fliegahittn.at\/wp-content\/uploads\/2021\/04\/IMG_9329-1-edited-768x479.jpg 768w, https:\/\/fliegahittn.at\/wp-content\/uploads\/2021\/04\/IMG_9329-1-edited-1536x959.jpg 1536w, https:\/\/fliegahittn.at\/wp-content\/uploads\/2021\/04\/IMG_9329-1-edited-2048x1279.jpg 2048w\" sizes=\"auto, (max-width: 2560px) 100vw, 2560px\" \/><\/figure>\n\n\n<div class=\"wp-block-columns is-layout-flex wp-container-core-columns-is-layout-9d6595d7 wp-block-columns-is-layout-flex\">\n<div class=\"wp-block-column is-layout-flow wp-block-column-is-layout-flow\">\n<p><\/p>\n\n\n<p>Die Fliegahittn liegt auf der bei Wanderern, Fahrradfahrern und Paragleitern beliebten Stubenberger Seite des Kulms und beeindruckt mit einem der sch\u00f6nsten Ausblicke der Steiermark. <br><\/p>\n\n\n<p><strong>Schauen Sie vorbei, wir freuen uns \u00fcber Ihren Besuch!<\/strong><\/p>\n\n\n\n<p><\/p>\n<\/div>\n\n\n\n<p><\/p>\n<\/div>\n\n\n<p><!-- \/wp:post-content --><\/p>\n<p><!-- wp:column --><\/p>\n<div class=\"wp-block-column\"><!-- wp:paragraph --><\/p>\n<p>Die Fliegahittn ist t\u00e4glich und bei jedem Wetter ge\u00f6ffnet, in der Nacht bleibt die H\u00fctte geschlossen.<\/p>\n<p>T\u00fcre mit Bankomatkarte \u00f6ffnen!<\/p>\n<p><!-- \/wp:paragraph --><\/p>\n<p><!-- wp:paragraph --><\/p>\n<p><!-- \/wp:paragraph --><\/p>\n<p><!-- wp:paragraph --><\/p>\n<p>Genie\u00dfen sie die selbstgemachten s\u00fc\u00dfen und salzigen K\u00f6stlichkeiten (Selbstbedienung):<\/p>\n<p><!-- \/wp:paragraph --><\/p>\n<p><!-- wp:list --><\/p>\n<ul class=\"wp-block-list\">\n<li style=\"list-style-type: none;\">\n<ul class=\"wp-block-list\"><!-- wp:list-item --><\/p>\n<li>Gebrannte Nussvariationen<\/li>\n<\/ul>\n<\/li>\n<\/ul>\n<p><!-- \/wp:list-item --><\/p>\n<p><!-- wp:list-item --><\/p>\n<ul class=\"wp-block-list\">\n<li style=\"list-style-type: none;\">\n<ul class=\"wp-block-list\">\n<li>Flieganossi<\/li>\n<\/ul>\n<\/li>\n<\/ul>\n<p><!-- \/wp:list-item --><\/p>\n<p><!-- wp:list-item --><\/p>\n<ul class=\"wp-block-list\">\n<li style=\"list-style-type: none;\">\n<ul class=\"wp-block-list\">\n<li>Wildw\u00fcrstel<\/li>\n<\/ul>\n<\/li>\n<\/ul>\n<p><!-- \/wp:list-item --><\/p>\n<p><!-- wp:list-item --><\/p>\n<ul class=\"wp-block-list\">\n<li style=\"list-style-type: none;\">\n<ul class=\"wp-block-list\">\n<li>Getr\u00e4nke u. v. m.<\/li>\n<\/ul>\n<\/li>\n<\/ul>\n<p><!-- \/wp:list-item --><\/p>\n<p><!-- \/wp:list --><\/p>\n<\/div>\n<p><!-- \/wp:column --><\/p>\n<p><!-- wp:paragraph --><\/p>\n<p><!-- \/wp:paragraph --><\/p>\n<!-- wp:paragraph -->\n<iframe loading=\"lazy\" src=\"https:\/\/stream.xxeon.at\/stream_viewer.php\" width=\"800\" height=\"450\" frameborder=\"0\" allowfullscreen><\/iframe>\n<!-- \/wp:paragraph -->","protected":false},"excerpt":{"rendered":"<p>Die Fliegahittn liegt auf der bei Wanderern, Fahrradfahrern und Paragleitern beliebten Stubenberger Seite des Kulms und beeindruckt mit einem der sch\u00f6nsten Ausblicke der Steiermark. Schauen Sie vorbei, wir freuen uns \u00fcber Ihren Besuch! Die Fliegahittn ist t\u00e4glich und bei jedem Wetter ge\u00f6ffnet, in der Nacht bleibt die H\u00fctte geschlossen. T\u00fcre mit Bankomatkarte \u00f6ffnen! Genie\u00dfen sie&hellip;&nbsp;<a href=\"https:\/\/fliegahittn.at\/\" rel=\"bookmark\">Weiterlesen &raquo;<span class=\"screen-reader-text\">Willkommen in der Fliegahittn!<\/span><\/a><\/p>\n","protected":false},"author":1,"featured_media":0,"parent":0,"menu_order":0,"comment_status":"closed","ping_status":"closed","template":"","meta":{"neve_meta_sidebar":"","neve_meta_container":"contained","neve_meta_enable_content_width":"off","neve_meta_content_width":70,"neve_meta_title_alignment":"","neve_meta_author_avatar":"","neve_post_elements_order":"","neve_meta_disable_header":"off","neve_meta_disable_footer":"","neve_meta_disable_title":"","footnotes":""},"class_list":["post-36","page","type-page","status-publish","hentry"],"_links":{"self":[{"href":"https:\/\/fliegahittn.at\/index.php?rest_route=\/wp\/v2\/pages\/36","targetHints":{"allow":["GET"]}}],"collection":[{"href":"https:\/\/fliegahittn.at\/index.php?rest_route=\/wp\/v2\/pages"}],"about":[{"href":"https:\/\/fliegahittn.at\/index.php?rest_route=\/wp\/v2\/types\/page"}],"author":[{"embeddable":true,"href":"https:\/\/fliegahittn.at\/index.php?rest_route=\/wp\/v2\/users\/1"}],"replies":[{"embeddable":true,"href":"https:\/\/fliegahittn.at\/index.php?rest_route=%2Fwp%2Fv2%2Fcomments&post=36"}],"version-history":[{"count":64,"href":"https:\/\/fliegahittn.at\/index.php?rest_route=\/wp\/v2\/pages\/36\/revisions"}],"predecessor-version":[{"id":169,"href":"https:\/\/fliegahittn.at\/index.php?rest_route=\/wp\/v2\/pages\/36\/revisions\/169"}],"wp:attachment":[{"href":"https:\/\/fliegahittn.at\/index.php?rest_route=%2Fwp%2Fv2%2Fmedia&parent=36"}],"curies":[{"name":"wp","href":"https:\/\/api.w.org\/{rel}","templated":true}]}}