{"id":6,"date":"2021-04-18T09:21:16","date_gmt":"2021-04-18T09:21:16","guid":{"rendered":"http:\/\/fliegahittn.at\/?page_id=6"},"modified":"2025-01-29T10:25:01","modified_gmt":"2025-01-29T10:25:01","slug":"ueber-uns","status":"publish","type":"page","link":"https:\/\/fliegahittn.at\/?page_id=6","title":{"rendered":"\u00dcber uns"},"content":{"rendered":"\n<p>Seit mehr als zehn Jahren genie\u00dfen meine Familie und ich Stubenberg am See als unsere zweite Heimat. Vor allem mein Mann, als geborener Pischelsdorfer, ist gl\u00fccklich wieder mehr Zeit in seiner Heimat zu verbringen.<\/p>\n\n\n\n<p>Mit den gem\u00fctlichen Sitzplatzerln und den selbstgemachten K\u00f6stlichkeiten wollen wir Ausfl\u00fcglern die M\u00f6glichkeit bieten, eine erholsame Zeit am Kulm zu verbringen und sich an der wunderbaren Aussicht \u00fcber das steirische H\u00fcgelland zu erfreuen.  <\/p>\n","protected":false},"excerpt":{"rendered":"<p>Seit mehr als zehn Jahren genie\u00dfen meine Familie und ich Stubenberg am See als unsere zweite Heimat. Vor allem mein Mann, als geborener Pischelsdorfer, ist gl\u00fccklich wieder mehr Zeit in seiner Heimat zu verbringen. Mit den gem\u00fctlichen Sitzplatzerln und den selbstgemachten K\u00f6stlichkeiten wollen wir Ausfl\u00fcglern die M\u00f6glichkeit bieten, eine erholsame Zeit am Kulm zu verbringen&hellip;&nbsp;<a href=\"https:\/\/fliegahittn.at\/?page_id=6\" rel=\"bookmark\">Weiterlesen &raquo;<span class=\"screen-reader-text\">\u00dcber uns<\/span><\/a><\/p>\n","protected":false},"author":1,"featured_media":0,"parent":0,"menu_order":0,"comment_status":"closed","ping_status":"closed","template":"","meta":{"neve_meta_sidebar":"","neve_meta_container":"","neve_meta_enable_content_width":"","neve_meta_content_width":0,"neve_meta_title_alignment":"","neve_meta_author_avatar":"","neve_post_elements_order":"","neve_meta_disable_header":"","neve_meta_disable_footer":"","neve_meta_disable_title":"","footnotes":""},"class_list":["post-6","page","type-page","status-publish","hentry"],"_links":{"self":[{"href":"https:\/\/fliegahittn.at\/index.php?rest_route=\/wp\/v2\/pages\/6","targetHints":{"allow":["GET"]}}],"collection":[{"href":"https:\/\/fliegahittn.at\/index.php?rest_route=\/wp\/v2\/pages"}],"about":[{"href":"https:\/\/fliegahittn.at\/index.php?rest_route=\/wp\/v2\/types\/page"}],"author":[{"embeddable":true,"href":"https:\/\/fliegahittn.at\/index.php?rest_route=\/wp\/v2\/users\/1"}],"replies":[{"embeddable":true,"href":"https:\/\/fliegahittn.at\/index.php?rest_route=%2Fwp%2Fv2%2Fcomments&post=6"}],"version-history":[{"count":7,"href":"https:\/\/fliegahittn.at\/index.php?rest_route=\/wp\/v2\/pages\/6\/revisions"}],"predecessor-version":[{"id":129,"href":"https:\/\/fliegahittn.at\/index.php?rest_route=\/wp\/v2\/pages\/6\/revisions\/129"}],"wp:attachment":[{"href":"https:\/\/fliegahittn.at\/index.php?rest_route=%2Fwp%2Fv2%2Fmedia&parent=6"}],"curies":[{"name":"wp","href":"https:\/\/api.w.org\/{rel}","templated":true}]}}